{"id":8,"date":"2019-12-14T10:39:25","date_gmt":"2019-12-14T09:39:25","guid":{"rendered":"https:\/\/dev3.onlinefactory.ch\/?page_id=8"},"modified":"2026-04-07T06:47:36","modified_gmt":"2026-04-07T04:47:36","slug":"brauerei-basel-schweizer-kueche-sonnenterrasse-exklusive-enothek-fuer-events","status":"publish","type":"page","link":"https:\/\/www.brauerei-basel.ch\/de\/","title":{"rendered":"Home"},"content":{"rendered":"<h2 class=\"wp-block-heading has-text-align-center\">\u00b7 Restaurant \u00b7 Enothek \u00b7  Catering \u00b7<\/h2>\n\n\n\n<p class=\"has-text-align-center\"><nobr>Restaurant Brauerei,<\/nobr> <nobr>Grenzacherstrasse 60,<\/nobr> <nobr>CH-4058 Basel,<\/nobr> <nobr>Tel +41 61 692 49 36<\/nobr><br><a href=\"mailto:info@brauerei-basel.ch\">info@brauerei-basel.ch<\/a><br><br><br><br><\/p>\n\n\n\n<h1 class=\"wp-block-heading has-text-align-center\">Hereinspaziert und herzlich willkommen! <\/h1>\n\n\n\n<p class=\"has-text-align-center\">Suchen Sie einen gem\u00fctlichen Tisch f\u00fcr Zwei, ein entspanntes Feierabendbier oder das ideale Lokal f\u00fcr einen Gruppenanlass? Dann sind Sie bei der Brauerei Basel genau richtig! Unser charmantes Traditionslokal bietet f\u00fcr jeden Geschmack das Richtige: von gutb\u00fcrgerlichen Klassikern bis hin zu innovativen Kreationen, die begeistern.<\/p>\n\n\n\n<p class=\"has-text-align-center\">Weinliebhaber kommen in unserer exklusiven Enothek voll auf ihre Kosten. Entdecken Sie unsere erlesene Weinauswahl, perfekt abgestimmt auf Ihr Men\u00fc. Im Sommer l\u00e4dt unsere idyllische Gartenwirtschaft dazu ein, den Abend unter freiem Himmel ausklingen zu lassen.<\/p>\n\n\n\n<p class=\"has-text-align-center\">Ob f\u00fcr ein Dinner zu zweit, einen besonderen Anlass oder einfach zum Geniessen \u2013 wir freuen uns darauf, Sie in unserem Bijou im Herzen von Basel begr\u00fcssen zu d\u00fcrfen.<\/p>\n\n\n\n<p><\/p>\n\n\n\n<div class=\"wp-block-button reservation-button\"><a class=\"wp-block-button__link has-background has-text-align-center wp-element-button\" href=\"https:\/\/mytools.aleno.me\/reservations\/v2.0\/reservations.html?k=eyJrIjoid2l2dTVrM2lsNm15cnBiOWlwdzZ4bmViajhycnVkaWRpZ280bGZwODBsbzlhNGlweTEiLCJyIjoiMnFQZXFvb0dncGl3TEg5RFgiLCJzIjoiaHR0cHM6Ly9teXRvb2xzLmFsZW5vLm1lLyJ9\" style=\"background-color:#30b7be\">Reservation<\/a><\/div>\n\n\n\n<pre class=\"wp-block-code\"><code>header separator<\/code><\/pre>\n\n\n\n<div class=\"wp-block-columns is-layout-flex wp-container-core-columns-is-layout-9d6595d7 wp-block-columns-is-layout-flex\">\n<div class=\"wp-block-column is-layout-flow wp-block-column-is-layout-flow\">\n<h2 class=\"wp-block-heading\">\u00d6ffnungszeiten<\/h2>\n\n\n\n<p>Montag &#8211; Freitag <br><nobr>11:30 &#8211; 14:00 Uhr<\/nobr>&nbsp;\/ <nobr>18:00 &#8211; 22:00 Uhr<\/nobr> <br> Samstag<br><nobr>18:00 \u2013 22:00 Uhr<\/nobr><\/p>\n<\/div>\n\n\n\n<div class=\"wp-block-column is-layout-flow wp-block-column-is-layout-flow\">\n<h2 class=\"wp-block-heading\" id=\"menu\">Menu <\/h2>\n\n\n\n<p><a href=\"https:\/\/www.brauerei-basel.ch\/pdfdownload\/speisekarte\/\">Download Speisekarte &gt;&gt;&gt;<\/a><br><a href=\"https:\/\/www.brauerei-basel.ch\/pdfdownload\/weinkarte\/\">Download Weinkarte &gt;&gt;&gt;<\/a><br><a href=\"https:\/\/www.brauerei-basel.ch\/pdfdownload\/tagesmenu\/\">Download Menu &gt;&gt;&gt;<\/a><\/p>\n\n\n\n<p>Wir bieten zus\u00e4tzlich drei Tagesmen\u00fcs zwischen 25.00 und 35.00 CHF an.<\/p>\n<\/div>\n\n\n\n<div class=\"wp-block-column is-layout-flow wp-block-column-is-layout-flow\">\n<h2 class=\"wp-block-heading\">Kontakt<\/h2>\n\n\n\n<p>Tel +41 61 692 49 36<br>Fax +41 61 692 10 75<br><a href=\"mailto:info@brauerei-basel.ch\">info@brauerei-basel.ch<\/a><\/p>\n<\/div>\n\n\n\n<div class=\"wp-block-column is-layout-flow wp-block-column-is-layout-flow\">\n<h2 class=\"wp-block-heading\">Events<\/h2>\n<\/div>\n<\/div>\n\n\n\n<div class=\"wp-block-columns is-layout-flex wp-container-core-columns-is-layout-9d6595d7 wp-block-columns-is-layout-flex\">\n<div class=\"wp-block-column is-layout-flow wp-block-column-is-layout-flow\">\n<figure class=\"wp-block-image size-large\"><img loading=\"lazy\" decoding=\"async\" width=\"1000\" height=\"500\" src=\"https:\/\/www.brauerei-basel.ch\/wp-content\/uploads\/2020\/01\/Brauerei_Enothek.jpg\" alt=\"\" class=\"wp-image-107\" srcset=\"https:\/\/www.brauerei-basel.ch\/wp-content\/uploads\/2020\/01\/Brauerei_Enothek.jpg 1000w, https:\/\/www.brauerei-basel.ch\/wp-content\/uploads\/2020\/01\/Brauerei_Enothek-300x150.jpg 300w, https:\/\/www.brauerei-basel.ch\/wp-content\/uploads\/2020\/01\/Brauerei_Enothek-768x384.jpg 768w\" sizes=\"auto, (max-width: 1000px) 100vw, 1000px\" \/><\/figure>\n\n\n\n<h2 class=\"wp-block-heading\" id=\"enothek\">Enothek<\/h2>\n\n\n\n<p><strong>Treffpunkt f\u00fcr Weinliebhaber in gediegenem Ambiente<\/strong><\/p>\n\n\n\n<p>Charakter, Qualit\u00e4t und Genuss: unter diesem Motto \u00f6ffnen wir die Enothek f\u00fcr Sie und Ihren ganz pers\u00f6nlichen Ap\u00e9ro, Familienfest oder auch Ihrem Firmenanlass. Z\u00f6gern Sie nicht uns anzufragen.<\/p>\n\n\n\n<p>Durch die Kellerei Siebe Dupf gef\u00fchrt, bietet der Shop der Enothek eine grosse Auswahl an erlesenen Weinen aus diversen L\u00e4ndern. Abgerundet wird das Sortiment des 200-Quadratmeter-grossen Weinladens durch eine Anzahl feiner Grappa und Fruchtdestillate sowie Delikatessen wie Oliven\u00f6l, Pasta, Sugos oder Schokolade. Ebenso finden Sie bei uns zahlreiche Wein-Accessoires, Gl\u00e4ser, Karaffen und sonstige Geschenkartikel.<\/p>\n<\/div>\n\n\n\n<div class=\"wp-block-column is-layout-flow wp-block-column-is-layout-flow\">\n<figure class=\"wp-block-image size-large\"><img loading=\"lazy\" decoding=\"async\" width=\"1000\" height=\"500\" src=\"https:\/\/www.brauerei-basel.ch\/wp-content\/uploads\/2020\/01\/Brauerei_Catering.jpg\" alt=\"\" class=\"wp-image-105\" srcset=\"https:\/\/www.brauerei-basel.ch\/wp-content\/uploads\/2020\/01\/Brauerei_Catering.jpg 1000w, https:\/\/www.brauerei-basel.ch\/wp-content\/uploads\/2020\/01\/Brauerei_Catering-300x150.jpg 300w, https:\/\/www.brauerei-basel.ch\/wp-content\/uploads\/2020\/01\/Brauerei_Catering-768x384.jpg 768w\" sizes=\"auto, (max-width: 1000px) 100vw, 1000px\" \/><\/figure>\n\n\n\n<h2 class=\"wp-block-heading\" id=\"catering\">Catering<\/h2>\n\n\n\n<p><strong>Die Brauerei-K\u00fcche bei Ihnen<\/strong><\/p>\n\n\n\n<p>Planen Sie ein Fest oder einen Firmenanlass in der Region Basel und m\u00f6chten nicht auf die Brauerei-K\u00fcche verzichten? Dann kommen wir mit unseren Spezialit\u00e4ten gerne an den Ort Ihrer Wahl. Mit unserem Cateringservice helfen wir Ihnen bei der Suche nach R\u00e4umlichkeiten und begleiten Ihren ganz individuellen Anlass von der Planung bis zur Ausf\u00fchrung.<\/p>\n\n\n\n<p>Gerne stehen wir Ihnen beratend und pers\u00f6nlich zur Seite.<\/p>\n<\/div>\n<\/div>\n\n\n\n<div class=\"wp-block-columns is-layout-flex wp-container-core-columns-is-layout-9d6595d7 wp-block-columns-is-layout-flex\">\n<div class=\"wp-block-column is-layout-flow wp-block-column-is-layout-flow\">\n<h2 class=\"wp-block-heading\">Newsletter<\/h2>\n\n\n<script>(function() {\n\twindow.mc4wp = window.mc4wp || {\n\t\tlisteners: [],\n\t\tforms: {\n\t\t\ton: function(evt, cb) {\n\t\t\t\twindow.mc4wp.listeners.push(\n\t\t\t\t\t{\n\t\t\t\t\t\tevent   : evt,\n\t\t\t\t\t\tcallback: cb\n\t\t\t\t\t}\n\t\t\t\t);\n\t\t\t}\n\t\t}\n\t}\n})();\n<\/script><!-- Mailchimp for WordPress v4.10.7 - https:\/\/wordpress.org\/plugins\/mailchimp-for-wp\/ --><form id=\"mc4wp-form-1\" class=\"mc4wp-form mc4wp-form-747\" method=\"post\" data-id=\"747\" data-name=\"Newsletter\" ><div class=\"mc4wp-form-fields\"><input name=\"_mc4wp_lists[]\" type=\"hidden\" value=\"42569b3a0c\">\r\n<p><input type=\"email\" id=\"mc4wp_email\" name=\"EMAIL\" placeholder=\"* E-Mail...\" required \/><\/p>\r\n<p><input style=\"width: 49%; display: inline\" type=\"text\" name=\"FNAME\" placeholder=\"Vorname...\" \/> <input style=\"width: 49%; display: inline\" type=\"text\" name=\"LNAME\" placeholder=\"Nachname...\" \/><\/p>\r\n<p><input type=\"submit\" value=\"Anmelden\" \/><\/p><\/div><label style=\"display: none !important;\">Wenn du ein Mensch bist, lasse das Feld leer: <input type=\"text\" name=\"_mc4wp_honeypot\" value=\"\" tabindex=\"-1\" autocomplete=\"off\" \/><\/label><input type=\"hidden\" name=\"_mc4wp_timestamp\" value=\"1776845832\" \/><input type=\"hidden\" name=\"_mc4wp_form_id\" value=\"747\" \/><input type=\"hidden\" name=\"_mc4wp_form_element_id\" value=\"mc4wp-form-1\" \/><div class=\"mc4wp-response\"><\/div><\/form><!-- \/ Mailchimp for WordPress Plugin -->\n<\/div>\n\n\n\n<div class=\"wp-block-column is-layout-flow wp-block-column-is-layout-flow\">\n<h2 class=\"wp-block-heading\">Verschenken Sie Genuss \u2013 Brauerei Gutscheine<\/h2>\n\n\n\n<p>Machen Sie Ihren Liebsten eine Freude mit einem Gutschein der Brauerei Basel! Ob f\u00fcr ein romantisches Dinner, einen geselligen Abend mit Freunden oder ein kulinarisches Erlebnis in unserer Enothek \u2013 ein Gutschein von uns ist immer eine gute Idee.<\/p>\n\n\n\n<div class=\"wp-block-buttons is-layout-flex wp-block-buttons-is-layout-flex\">\n<div class=\"wp-block-button reservation-button is-style-fill\"><a class=\"wp-block-button__link has-background wp-element-button\" href=\"https:\/\/shop.e-guma.ch\/groupe-oniro\/de\/gutscheine\" style=\"background-color:#30b7be\" target=\"_blank\" rel=\"noreferrer noopener\">JETZT BESTELLEN!<\/a><\/div>\n<\/div>\n<\/div>\n<\/div>\n\n\n\n<h2 class=\"wp-block-heading\">Karriere &#8211; Chancen f\u00fcr Gastgeber mit Leidenschaft<\/h2>\n\n\n\n<p>Sie m\u00f6chten Ihre Leidenschaft f\u00fcr Gastronomie zum Beruf machen? Bei der Brauerei Basel erwarten Sie ein herzliches Team, abwechslungsreiche Aufgaben und ein Arbeitsplatz im Herzen von Basel.<\/p>\n\n\n\n<p>Ob Sie Ihre Ausbildung als Restaurantfachfrau\/-mann EFZ beginnen m\u00f6chten oder eine neue Herausforderung im Service suchen \u2013 bei uns k\u00f6nnen Sie Ihre Karriere in einem dynamischen Umfeld gestalten.<\/p>\n\n\n\n<p>Entdecken Sie unsere aktuellen Stellenangebote und bewerben Sie sich jetzt \u00fcber unsere Groupe-oniro webseite:<\/p>\n\n\n\n<div class=\"wp-block-buttons is-layout-flex wp-block-buttons-is-layout-flex\">\n<div class=\"wp-block-button reservation-button is-style-fill\"><a class=\"wp-block-button__link has-background wp-element-button\" href=\"https:\/\/www.groupe-oniro.ch\/de\/job-offers\/\" style=\"background-color:#30b7be\" target=\"_blank\" rel=\"noreferrer noopener\">Zu den offenen Stelle<\/a><\/div>\n<\/div>\n\n\n\n<div style=\"height:0px\" aria-hidden=\"true\" class=\"wp-block-spacer\"><\/div>\n\n\n\n<h2 class=\"wp-block-heading\">So erreichen Sie uns<\/h2>\n\n\n\n<p>Die Brauerei befindet sich in der N\u00e4he der Wettsteinbr\u00fccke \u2013 ideal f\u00fcr Geniesser und Stadtentdecker. Da Parkpl\u00e4tze in der Umgebung begrenzt sind, empfehlen wir die Anreise mit dem Velo oder \u00f6ffentlichen Verkehrsmitteln.<\/p>\n\n\n\n<p><strong>Anreise mit dem \u00d6V: <\/strong>Tramhaltestelle Wettsteinplatz<\/p>\n\n\n\n<p>Vom Bahnhof SBB: Tram 2 Richtung Basel, Eglisee<\/p>\n\n\n\n<p>Vom Bankverein: Tram 15 Richtung Basel Messeplatz<\/p>\n\n\n\n<p><strong>Anreise mit dem Velo:<\/strong><\/p>\n\n\n\n<p>Velo Spot Stationen<\/p>\n\n\n\n<p>Station No 400212 &#8211; Grenzacherstrasse 32, 4058 Basel \/ Station No 400090 &#8211; Wettsteinplatz 1, 4058 Basel<\/p>\n\n\n\n<p><strong>Anreise mit Bus: <\/strong>Bus stop: Rosengartenwg<\/p>\n\n\n\n<p>Vom Schiffl\u00e4nde: Bus Nr. 34 Richtung: Riehen Oto Wenk-Platz<\/p>\n\n\n\n<div style=\"height:30px\" aria-hidden=\"true\" class=\"wp-block-spacer\"><\/div>\n\n\n\n<div class=\"wp-block-columns is-layout-flex wp-container-core-columns-is-layout-9d6595d7 wp-block-columns-is-layout-flex\">\n<div class=\"wp-block-column onl-block-aligncenter is-layout-flow wp-block-column-is-layout-flow\">\n<figure class=\"wp-block-image size-large is-resized\"><a href=\"https:\/\/www.ginto.guide\/entries\/b4d805cb-7f5c-43a2-bdec-e0ec81825f00\"><img decoding=\"async\" src=\"https:\/\/www.brauerei-basel.ch\/wp-content\/uploads\/2024\/08\/ok-go.svg\" alt=\"\" class=\"wp-image-941\" style=\"width:43px\"\/><\/a><\/figure>\n\n\n\n<figure class=\"wp-block-image size-full is-resized\"><a href=\"https:\/\/labelfaitmaison.ch\/\"><img loading=\"lazy\" decoding=\"async\" width=\"439\" height=\"784\" src=\"https:\/\/www.brauerei-basel.ch\/wp-content\/uploads\/2025\/07\/LabelFaitMaison.png\" alt=\"\" class=\"wp-image-1131\" style=\"width:30px\" srcset=\"https:\/\/www.brauerei-basel.ch\/wp-content\/uploads\/2025\/07\/LabelFaitMaison.png 439w, https:\/\/www.brauerei-basel.ch\/wp-content\/uploads\/2025\/07\/LabelFaitMaison-168x300.png 168w\" sizes=\"auto, (max-width: 439px) 100vw, 439px\" \/><\/a><\/figure>\n\n\n\n<figure class=\"wp-block-image size-full is-resized\"><a href=\"https:\/\/www.myswitzerland.com\/de-ch\/planung\/ueber-die-schweiz\/nachhaltigkeit\/\"><img loading=\"lazy\" decoding=\"async\" width=\"817\" height=\"817\" src=\"https:\/\/www.brauerei-basel.ch\/wp-content\/uploads\/2025\/12\/logo_swisstainable.jpg\" alt=\"\" class=\"wp-image-1204\" style=\"width:47px\" srcset=\"https:\/\/www.brauerei-basel.ch\/wp-content\/uploads\/2025\/12\/logo_swisstainable.jpg 817w, https:\/\/www.brauerei-basel.ch\/wp-content\/uploads\/2025\/12\/logo_swisstainable-300x300.jpg 300w, https:\/\/www.brauerei-basel.ch\/wp-content\/uploads\/2025\/12\/logo_swisstainable-150x150.jpg 150w, https:\/\/www.brauerei-basel.ch\/wp-content\/uploads\/2025\/12\/logo_swisstainable-768x768.jpg 768w, https:\/\/www.brauerei-basel.ch\/wp-content\/uploads\/2025\/12\/logo_swisstainable-500x500.jpg 500w\" sizes=\"auto, (max-width: 817px) 100vw, 817px\" \/><\/a><\/figure>\n\n\n\n<figure class=\"wp-block-image size-full is-resized\"><a href=\"https:\/\/stadtbonbasel.ch\/\"><img decoding=\"async\" src=\"https:\/\/www.brauerei-basel.ch\/wp-content\/uploads\/2026\/01\/logo-stadtbonbasel.svg\" alt=\"\" class=\"wp-image-1238\" style=\"width:63px\"\/><\/a><\/figure>\n<\/div>\n<\/div>","protected":false},"excerpt":{"rendered":"<p>\u00b7 Restaurant \u00b7 Enothek \u00b7 Catering \u00b7 Restaurant Brauerei, Grenzacherstrasse 60, CH-4058 Basel, Tel +41 61 692 49 36info@brauerei-basel.ch Hereinspaziert und herzlich willkommen! Suchen Sie einen gem\u00fctlichen Tisch f\u00fcr Zwei, ein entspanntes Feierabendbier oder das ideale Lokal f\u00fcr einen Gruppenanlass? Dann sind Sie bei der Brauerei Basel genau richtig! Unser charmantes Traditionslokal bietet f\u00fcr jeden [&hellip;]<\/p>\n","protected":false},"author":1,"featured_media":996,"parent":0,"menu_order":0,"comment_status":"closed","ping_status":"closed","template":"","meta":{"_acf_changed":false,"inline_featured_image":false,"footnotes":""},"class_list":["post-8","page","type-page","status-publish","has-post-thumbnail","hentry"],"acf":[],"yoast_head":"<!-- This site is optimized with the Yoast SEO plugin v26.1.1 - https:\/\/yoast.com\/wordpress\/plugins\/seo\/ -->\n<title>Home - Brauerei<\/title>\n<meta name=\"description\" content=\"Traditionelle Schweizer K\u00fcche, gem\u00fctliche Sonnenterrasse und exklusive Enothek f\u00fcr private Events. Perfekt f\u00fcr Genuss und besondere Anl\u00e4sse!\" \/>\n<meta name=\"robots\" content=\"index, follow, max-snippet:-1, max-image-preview:large, max-video-preview:-1\" \/>\n<link rel=\"canonical\" href=\"https:\/\/www.brauerei-basel.ch\/de\/\" \/>\n<meta property=\"og:locale\" content=\"de_DE\" \/>\n<meta property=\"og:type\" content=\"article\" \/>\n<meta property=\"og:title\" content=\"Home - Brauerei\" \/>\n<meta property=\"og:description\" content=\"Traditionelle Schweizer K\u00fcche, gem\u00fctliche Sonnenterrasse und exklusive Enothek f\u00fcr private Events. Perfekt f\u00fcr Genuss und besondere Anl\u00e4sse!\" \/>\n<meta property=\"og:url\" content=\"https:\/\/www.brauerei-basel.ch\/de\/\" \/>\n<meta property=\"og:site_name\" content=\"Brauerei\" \/>\n<meta property=\"article:modified_time\" content=\"2026-04-07T04:47:36+00:00\" \/>\n<meta property=\"og:image\" content=\"https:\/\/www.brauerei-basel.ch\/wp-content\/uploads\/2025\/01\/Logo-Brauerei-2.jpg\" \/>\n\t<meta property=\"og:image:width\" content=\"738\" \/>\n\t<meta property=\"og:image:height\" content=\"591\" \/>\n\t<meta property=\"og:image:type\" content=\"image\/jpeg\" \/>\n<meta name=\"twitter:card\" content=\"summary_large_image\" \/>\n<meta name=\"twitter:label1\" content=\"Gesch\u00e4tzte Lesezeit\" \/>\n\t<meta name=\"twitter:data1\" content=\"5\u00a0Minuten\" \/>\n<script type=\"application\/ld+json\" class=\"yoast-schema-graph\">{\"@context\":\"https:\/\/schema.org\",\"@graph\":[{\"@type\":\"WebPage\",\"@id\":\"https:\/\/www.brauerei-basel.ch\/de\/\",\"url\":\"https:\/\/www.brauerei-basel.ch\/de\/\",\"name\":\"Home - Brauerei\",\"isPartOf\":{\"@id\":\"https:\/\/www.brauerei-basel.ch\/de\/#website\"},\"primaryImageOfPage\":{\"@id\":\"https:\/\/www.brauerei-basel.ch\/de\/#primaryimage\"},\"image\":{\"@id\":\"https:\/\/www.brauerei-basel.ch\/de\/#primaryimage\"},\"thumbnailUrl\":\"https:\/\/www.brauerei-basel.ch\/wp-content\/uploads\/2025\/01\/Logo-Brauerei-2.jpg\",\"datePublished\":\"2019-12-14T09:39:25+00:00\",\"dateModified\":\"2026-04-07T04:47:36+00:00\",\"description\":\"Traditionelle Schweizer K\u00fcche, gem\u00fctliche Sonnenterrasse und exklusive Enothek f\u00fcr private Events. Perfekt f\u00fcr Genuss und besondere Anl\u00e4sse!\",\"breadcrumb\":{\"@id\":\"https:\/\/www.brauerei-basel.ch\/de\/#breadcrumb\"},\"inLanguage\":\"de\",\"potentialAction\":[{\"@type\":\"ReadAction\",\"target\":[\"https:\/\/www.brauerei-basel.ch\/de\/\"]}]},{\"@type\":\"ImageObject\",\"inLanguage\":\"de\",\"@id\":\"https:\/\/www.brauerei-basel.ch\/de\/#primaryimage\",\"url\":\"https:\/\/www.brauerei-basel.ch\/wp-content\/uploads\/2025\/01\/Logo-Brauerei-2.jpg\",\"contentUrl\":\"https:\/\/www.brauerei-basel.ch\/wp-content\/uploads\/2025\/01\/Logo-Brauerei-2.jpg\",\"width\":738,\"height\":591},{\"@type\":\"BreadcrumbList\",\"@id\":\"https:\/\/www.brauerei-basel.ch\/de\/#breadcrumb\",\"itemListElement\":[{\"@type\":\"ListItem\",\"position\":1,\"name\":\"Startseite\",\"item\":\"https:\/\/www.brauerei-basel.ch\/de\/\"},{\"@type\":\"ListItem\",\"position\":2,\"name\":\"Home\"}]},{\"@type\":\"WebSite\",\"@id\":\"https:\/\/www.brauerei-basel.ch\/de\/#website\",\"url\":\"https:\/\/www.brauerei-basel.ch\/de\/\",\"name\":\"Brauerei\",\"description\":\"\",\"potentialAction\":[{\"@type\":\"SearchAction\",\"target\":{\"@type\":\"EntryPoint\",\"urlTemplate\":\"https:\/\/www.brauerei-basel.ch\/de\/?s={search_term_string}\"},\"query-input\":{\"@type\":\"PropertyValueSpecification\",\"valueRequired\":true,\"valueName\":\"search_term_string\"}}],\"inLanguage\":\"de\"}]}<\/script>\n<!-- \/ Yoast SEO plugin. -->","yoast_head_json":{"title":"Home - Brauerei","description":"Traditionelle Schweizer K\u00fcche, gem\u00fctliche Sonnenterrasse und exklusive Enothek f\u00fcr private Events. Perfekt f\u00fcr Genuss und besondere Anl\u00e4sse!","robots":{"index":"index","follow":"follow","max-snippet":"max-snippet:-1","max-image-preview":"max-image-preview:large","max-video-preview":"max-video-preview:-1"},"canonical":"https:\/\/www.brauerei-basel.ch\/de\/","og_locale":"de_DE","og_type":"article","og_title":"Home - Brauerei","og_description":"Traditionelle Schweizer K\u00fcche, gem\u00fctliche Sonnenterrasse und exklusive Enothek f\u00fcr private Events. Perfekt f\u00fcr Genuss und besondere Anl\u00e4sse!","og_url":"https:\/\/www.brauerei-basel.ch\/de\/","og_site_name":"Brauerei","article_modified_time":"2026-04-07T04:47:36+00:00","og_image":[{"width":738,"height":591,"url":"https:\/\/www.brauerei-basel.ch\/wp-content\/uploads\/2025\/01\/Logo-Brauerei-2.jpg","type":"image\/jpeg"}],"twitter_card":"summary_large_image","twitter_misc":{"Gesch\u00e4tzte Lesezeit":"5\u00a0Minuten"},"schema":{"@context":"https:\/\/schema.org","@graph":[{"@type":"WebPage","@id":"https:\/\/www.brauerei-basel.ch\/de\/","url":"https:\/\/www.brauerei-basel.ch\/de\/","name":"Home - Brauerei","isPartOf":{"@id":"https:\/\/www.brauerei-basel.ch\/de\/#website"},"primaryImageOfPage":{"@id":"https:\/\/www.brauerei-basel.ch\/de\/#primaryimage"},"image":{"@id":"https:\/\/www.brauerei-basel.ch\/de\/#primaryimage"},"thumbnailUrl":"https:\/\/www.brauerei-basel.ch\/wp-content\/uploads\/2025\/01\/Logo-Brauerei-2.jpg","datePublished":"2019-12-14T09:39:25+00:00","dateModified":"2026-04-07T04:47:36+00:00","description":"Traditionelle Schweizer K\u00fcche, gem\u00fctliche Sonnenterrasse und exklusive Enothek f\u00fcr private Events. Perfekt f\u00fcr Genuss und besondere Anl\u00e4sse!","breadcrumb":{"@id":"https:\/\/www.brauerei-basel.ch\/de\/#breadcrumb"},"inLanguage":"de","potentialAction":[{"@type":"ReadAction","target":["https:\/\/www.brauerei-basel.ch\/de\/"]}]},{"@type":"ImageObject","inLanguage":"de","@id":"https:\/\/www.brauerei-basel.ch\/de\/#primaryimage","url":"https:\/\/www.brauerei-basel.ch\/wp-content\/uploads\/2025\/01\/Logo-Brauerei-2.jpg","contentUrl":"https:\/\/www.brauerei-basel.ch\/wp-content\/uploads\/2025\/01\/Logo-Brauerei-2.jpg","width":738,"height":591},{"@type":"BreadcrumbList","@id":"https:\/\/www.brauerei-basel.ch\/de\/#breadcrumb","itemListElement":[{"@type":"ListItem","position":1,"name":"Startseite","item":"https:\/\/www.brauerei-basel.ch\/de\/"},{"@type":"ListItem","position":2,"name":"Home"}]},{"@type":"WebSite","@id":"https:\/\/www.brauerei-basel.ch\/de\/#website","url":"https:\/\/www.brauerei-basel.ch\/de\/","name":"Brauerei","description":"","potentialAction":[{"@type":"SearchAction","target":{"@type":"EntryPoint","urlTemplate":"https:\/\/www.brauerei-basel.ch\/de\/?s={search_term_string}"},"query-input":{"@type":"PropertyValueSpecification","valueRequired":true,"valueName":"search_term_string"}}],"inLanguage":"de"}]}},"_links":{"self":[{"href":"https:\/\/www.brauerei-basel.ch\/de\/wp-json\/wp\/v2\/pages\/8","targetHints":{"allow":["GET"]}}],"collection":[{"href":"https:\/\/www.brauerei-basel.ch\/de\/wp-json\/wp\/v2\/pages"}],"about":[{"href":"https:\/\/www.brauerei-basel.ch\/de\/wp-json\/wp\/v2\/types\/page"}],"author":[{"embeddable":true,"href":"https:\/\/www.brauerei-basel.ch\/de\/wp-json\/wp\/v2\/users\/1"}],"replies":[{"embeddable":true,"href":"https:\/\/www.brauerei-basel.ch\/de\/wp-json\/wp\/v2\/comments?post=8"}],"version-history":[{"count":384,"href":"https:\/\/www.brauerei-basel.ch\/de\/wp-json\/wp\/v2\/pages\/8\/revisions"}],"predecessor-version":[{"id":1272,"href":"https:\/\/www.brauerei-basel.ch\/de\/wp-json\/wp\/v2\/pages\/8\/revisions\/1272"}],"wp:featuredmedia":[{"embeddable":true,"href":"https:\/\/www.brauerei-basel.ch\/de\/wp-json\/wp\/v2\/media\/996"}],"wp:attachment":[{"href":"https:\/\/www.brauerei-basel.ch\/de\/wp-json\/wp\/v2\/media?parent=8"}],"curies":[{"name":"wp","href":"https:\/\/api.w.org\/{rel}","templated":true}]}}